{"id":766,"date":"2018-05-13T23:32:53","date_gmt":"2018-05-13T23:32:53","guid":{"rendered":"http:\/\/www.contextprofessionals.com\/?page_id=766"},"modified":"2021-07-01T14:47:11","modified_gmt":"2021-07-01T11:47:11","slug":"organizational-development","status":"publish","type":"page","link":"https:\/\/contextprofessionals.com\/en\/organizational-development\/","title":{"rendered":"Organizational Development"},"content":{"rendered":"<p>[vc_row][vc_column][vc_empty_space height=&#8221;25px&#8221;][\/vc_column][\/vc_row][vc_row wrap_container=&#8221;yes&#8221; el_class=&#8221;p-b-lg&#8221;][vc_column][vc_single_image image=&#8221;1329&#8243; img_size=&#8221;1200&#215;300&#8243; alignment=&#8221;center&#8221;][vc_column_text]<\/p>\n<p style=\"text-align: justify;\">The capability of managing change and adapting to new conditions enables organizations to differentiate themselves, to grow and to sustain their competitiveness. Our organizational development programs support corporates to achieve their goals and reach their vision through skills and capabilities that will enable them to stay competitive.<\/p>\n<p style=\"text-align: justify;\">We assess the needs of the organization in perspective of their vision, values, culture, language and goals. We design customized highly effective organizational development programs that address the needs and expectations of the organization. We partner with the organization to build effective organizational development strategies that deliver long lasting productive results. We enable the organization and the individuals to use their resources and core strength more effectively.<\/p>\n<p>[\/vc_column_text][vc_tta_accordion shape=&#8221;square&#8221; active_section=&#8221;1&#8243;][vc_tta_section title=&#8221;Team Culture Development Programs&#8221; tab_id=&#8221;1526765819799-1d4db821-dea1&#8243;][vc_column_text]<\/p>\n<p style=\"text-align: justify;\">The purpose of these programs is to create teams that collaborately move towards common goals in a result oriented manner. This objective is achieved by creating teams that have a wide perspective seeing the whole picture, are able to see their own impact to the big picture, are accountable, take initiative, are highly capable to adapt themselves to changing conditions, trust each other and see differences as an opportunity to learn new perspectives. Critical skills covered are: communication, engagement, collaboration, trust building, conflict management, effective decision making, team building and accountability.<\/p>\n<p><strong>Sample programs:<\/strong><\/p>\n<ul>\n<li>Agile Teams Program<\/li>\n<li>Team Culture Program<\/li>\n<li>High Performing Teams Program<\/li>\n<\/ul>\n<p>[\/vc_column_text][\/vc_tta_section][vc_tta_section title=&#8221;Capabilities and Skills Development Programs \u2013 Achieving Extraordinary Results&#8221; tab_id=&#8221;1526765819834-9bf45e4b-c871&#8243;][vc_column_text]<\/p>\n<p style=\"text-align: justify;\">The purpose of these programs is to develop capabilities and skills that will enable the organization to achieve their goals and reach their vision. These programs enable individuals to increase their performance and to become highly effective contributors both individually and also as team members. Highly effective team members also effectively contribute to the success of the organization. We selectively use these modules also for development programs of high potential employees. Sample programs:<\/p>\n<ul>\n<li>Effective feedback and feed forward<\/li>\n<li>Effective communication<\/li>\n<li>Listening with head, heart and gut!<\/li>\n<li>Creativity and Innovation \u2013 Create your own future!<\/li>\n<li>Effective decision making<\/li>\n<li>Goal oriented focus<\/li>\n<li>Effective dialogues<\/li>\n<li>Conflict management<\/li>\n<li>Overcoming obstacles\/barriers<\/li>\n<li>Stress management<\/li>\n<li>Resolving issues effectively<\/li>\n<li>Change management \u2013 Courageously change!<\/li>\n<li>Defining and internalizing SMART targets<\/li>\n<li>Collaboration<\/li>\n<li>Engagement<\/li>\n<li>Building Shared Commitment<\/li>\n<li>Team building, building trusted relationships, building common vision and values<\/li>\n<li>Accountability<\/li>\n<li>Be curious and develop yourself!<\/li>\n<li>Be excited to develop others!<\/li>\n<\/ul>\n<p>[\/vc_column_text][\/vc_tta_section][vc_tta_section title=&#8221;Ideation Workshops&#8221; tab_id=&#8221;1526766058406-a767e2dc-3220&#8243;][vc_column_text]<\/p>\n<p style=\"text-align: justify;\">The purpose of these workshops is that individuals and organizations generate creative ideas and develop new possibilities to resolve professional challenges. The process enables participants to widen their perspective, to reflect deeply for new insight, to dream their anticipated future in an entertaining way, to discover their core strength and potential and to generate new possibilities to design their future. Besides many other tools and methods, we use \u2018Appreciative Inquiry\u2019 as the core method of our workshops. Appreciative Inquiry is the cooperative search for the best in people and in their organizations. It involves systematic discovery of its positive core, what gives life to an organization when it is most effective and most capable. Creative ideas are generated out of this positive core. We design the content, flow and duration of our ideation workshops according to the needs and expectations of the organization.<\/p>\n<p><strong>Sample programs:<\/strong><\/p>\n<ul>\n<li>Empowering Women in Leadership<\/li>\n<li>Dream to Execution Program<\/li>\n<li>Creativity &amp; Innovation \u2013 Create your Future!<\/li>\n<\/ul>\n<p>[\/vc_column_text][\/vc_tta_section][vc_tta_section title=&#8221;Diversity &amp; Inclusiveness Program&#8221; tab_id=&#8221;1526766106578-1b2fa2f1-00b2&#8243;][vc_column_text]<\/p>\n<p style=\"text-align: justify;\">Diversity means difference, unconsciously we develop bias towards people that are different. Unconscious bias leads to unproductive choices. Awareness of unconscious bias leads to conscious attitudes and choices.<\/p>\n<p style=\"text-align: justify;\">The purpose of the program is to create awareness about diversity &amp; inclusiveness and to create an open-minded culture of trust and collaboration. The objective is that diversity is seen as an opportunity to learn new perspectives which enables the organization to move towards their goals and vision in a more effective way.<\/p>\n<p style=\"text-align: justify;\">Diversity &amp; Inclusiveness Program is a highly experiential &amp; inspirational journey that challenges unproductive beliefs, builds awareness of unconscious bias, reinforces conscious attitudes and choices, and builds cultural intelligence that leverages diversity and focuses on inclusiveness.<\/p>\n<p>[\/vc_column_text][\/vc_tta_section][vc_tta_section title=&#8221;The Richness of Generation Diversity in the Workplace (Baby Boomers, Generation X, Generation Y, Generation Z)&#8221; tab_id=&#8221;1535804738302-aae963b6-7d24&#8243;][vc_column_text]<\/p>\n<p style=\"text-align: justify;\">Diversity means difference, unconsciously we develop biases, judgements and assumptions about people from different generations. Our unconscious judgements lead to unproductive choices. Becoming aware of our judgments and assumptions lead to conscious attitudes and choices that turn difficulties into opportunities.<\/p>\n<p>The purpose of the program is:<\/p>\n<ul>\n<li>To create an organizational culture that embraces generation diversity and adopts an open-minded perspective for seeing differences as richness.<\/li>\n<li>To enhance the communication between different generations in the workplace.<\/li>\n<li>To increase engagement, trust and collaboration in the organization.<\/li>\n<li>To enable people form different generations to work together in a more effective way enabling the organization to move successfully towards their goals and vision.<\/li>\n<\/ul>\n<p style=\"text-align: justify;\">Participants of this highly experiential, inspirational and joyful program become aware of their judgements and assumptions about other jenerations. They learn how to adopt an open mind enabling them to use differences as a leverage to reach their goals. They become instrumental in strengthening trust and collaboration in the organization.<\/p>\n<p>[\/vc_column_text][\/vc_tta_section][vc_tta_section title=&#8221;In-house Mentoring Program&#8221; tab_id=&#8221;1526766136803-0b915fb2-33e5&#8243;][vc_column_text]<\/p>\n<p style=\"text-align: justify;\">The purpose of our inhouse mentoring programs is to support organizational development through mutual knowledge and experience sharing between executives and employees. The benefit of the inhouse mentoring program is that it supports operational excellence and commercial leadership of the organization. We design a program meeting the expectations and needs of the organization in accordance to company vision and goals. We plan and prepare the roll-out of the program, deliver mentor training, and manage the whole process throughout the program until completion.We ensure timely and successful delivery of all in-house mentoring program services through a disciplined and rigorous program and project management approach.<\/p>\n<p>[\/vc_column_text][\/vc_tta_section][vc_tta_section title=&#8221;In-house Coaching Program&#8221; tab_id=&#8221;1526766176079-19dd8d1a-31cd&#8221;][vc_column_text]<\/p>\n<p style=\"text-align: justify;\">The purpose of our in-house coaching program is to enable executives to contribute to the development of employees by coaching them. Executives acquire coaching skills that they use throughout the program to coach employees assigned to them as coaches. We also encourage executives to use their coaching skills to enrich their leadership style. The in-house coaching program supports the organization to develop stronger bonds between executives and employees and builds a culture of collaboration and engagement.<\/p>\n<p style=\"text-align: justify;\">We design a program meeting the expectations and needs of the organization in accordance to company vision and goals. We deliver coaching training to executives, we plan and prepare the roll-out of the program and manage the whole process throughout the program until completion.We ensure timely and successful delivery of all inhouse coaching program services through a disciplined and rigorous program and project management approach.<\/p>\n<p>[\/vc_column_text][\/vc_tta_section][vc_tta_section title=&#8221;Expatriate Cultural Integration Program&#8221; tab_id=&#8221;1526766204352-778cb8a4-afd4&#8243;][vc_column_text]<\/p>\n<p style=\"text-align: justify;\">The purpose of the program is to provide expatriate professionals and their partners a cultural orientation that will support them to adapt and integrate quickly to the new culture. The well designed experiential program supports expatriats to navigate through their personal and professional life in Turkey in a comfortable and effective manner.<\/p>\n<p>Sample program content:<\/p>\n<ul>\n<li>Interview with the expatriate executive and his\/her partner<\/li>\n<li>Experience \u2013 Team Coaching<\/li>\n<li>The Roots of Social Mindset in Turkey<\/li>\n<li>Cultural Differences (National Cultures)<\/li>\n<li>Team Coaching \u2013 Proceeding towards the \u2018Future\u2019<\/li>\n<li>Guided City Tour &#8211; Real Life Experience<\/li>\n<li>Social Networking Lunch with Partners<\/li>\n<li>Cultural Integration in Professional Life<\/li>\n<li>Team Coaching &#8211; Cultural Integration<\/li>\n<\/ul>\n<p>We custom design the content of the program according to the needs and expectations of the expatriate executives and their partners.[\/vc_column_text][\/vc_tta_section][vc_tta_section title=&#8221;Executive Coaching Program&#8221; tab_id=&#8221;1526766235226-ce9a84fe-b1d7&#8243;][vc_column_text]<\/p>\n<p style=\"text-align: justify;\">Executive coaching is an organizational development process that builds skills and capabilities of individuals enabling them to become more impactful towards achieving individual and organizational goals.<\/p>\n<h4>Benefits of executive coaching:<\/h4>\n<ul>\n<li>Increase in performance, achieving challenging goals faster, continuity of increased performance<\/li>\n<li>A professional development program creating awareness about your strength and development areas<\/li>\n<li>Increases the efficiency of using your knowledge and experience<\/li>\n<li>Enables you to use your leadership skills and capabilities more frequently<\/li>\n<li>Supports your decision making process during challenging circumstances:\n<ul>\n<li>Organizational transformation<\/li>\n<li>Corporate growth or downsizing<\/li>\n<li>Assuming new responsibilities like managing a team<\/li>\n<li>Structural changes<\/li>\n<li>Assuming a new role<\/li>\n<li>Changing jobs<\/li>\n<li>Preparing for a new role<\/li>\n<\/ul>\n<\/li>\n<li>Enables you to effectively manage your relationships in a busy work environment.<\/li>\n<li>Enables you to learn new skills<\/li>\n<li>Develops new perspectives through a comprehensive thinking practice<\/li>\n<\/ul>\n<h4>Skills and capabilities developed through executive coaching:<\/h4>\n<ul>\n<li>Leadership Presence<\/li>\n<li>Leadership, management styles and capabilities<\/li>\n<li>Delegation vs controling paradox<\/li>\n<li>Effective decision making<\/li>\n<li>Change management<\/li>\n<li>Methods and tools for motivating others<\/li>\n<li>Stress management<\/li>\n<li>Managing with personal values aligned to corporate values<\/li>\n<li>Conflict management and negotiation skills<\/li>\n<li>Performance assessment, feedback and feed forward skills<\/li>\n<li>Effective relationship management<\/li>\n<li>Effective communication skills<\/li>\n<li>Team building<\/li>\n<li>Coporate governance<\/li>\n<li>Work \u2013 life balance<\/li>\n<li>Working with performance targets and managing with performance targets<\/li>\n<li>Career management and planning corporate success<\/li>\n<li>Personality theories and working with diverse personalities<\/li>\n<li>Coaching skills<\/li>\n<li>Emotional Intelligence and impact on work life and realtionships<\/li>\n<li>Managing cultural change<\/li>\n<\/ul>\n<p>[\/vc_column_text][\/vc_tta_section][vc_tta_section title=&#8221;Team Coaching Program&#8221; tab_id=&#8221;1526766267557-fe733c39-1a1f&#8221;][vc_column_text]<\/p>\n<p style=\"text-align: justify;\">A real team is more than a group of people who work together because of their roles and titles. A real team is a group of people who share a common vision, have common goals, who collaborate, who consider achieving team goals as a priority, who challenge and hold each other accountable to achieve outstanding team performance.<\/p>\n<p style=\"text-align: justify;\">Team coaching is a collective development process that enables a team to develop their skills and capabilities to become more impactful towards achieving individual, team and organizational goals. We support the team to design their team dynamics, work environment, relationships, communication style and all other common aspects required that enables them to function as a high performing, effective and coherent team. During this process team members form strong interpersonal bonds anchored in trust that motivate them to collaborate for achieving outstanding team performance. We design the content and the duration of the team coaching program according to the needs and objectives of the team.<\/p>\n<h4>Benefits of team coaching for the team:<\/h4>\n<ul>\n<li>Creates a team vision, common goals and values<\/li>\n<li>Collaboration for achieving common goals<\/li>\n<li>Continuous improvement in intra-team relationships and communication<\/li>\n<li>Builds a team spirit and enhances collaboration<\/li>\n<li>Brings more positivity to the work environment<\/li>\n<li>Develops conflict management skills<\/li>\n<li>Enables team members to manage diverse personalities easier<\/li>\n<li>Enables to resolve issues fast and effectively<\/li>\n<li>Uncovers the creative potential of the team<\/li>\n<li>Enables the team to manage change effectively<\/li>\n<li>Enables team members to leverage their strength, styles and capabilities<\/li>\n<li>Increases overall effectiveness, performance and motivation of the team<\/li>\n<li>Builds strong intra-team relationships anchored in trust and respect<\/li>\n<li>Tak\u0131m\u0131n kendisini motive edecek y\u00fcksek hedefler belirlemesi<\/li>\n<li>Motivates the team to determine higher goals for themselves<\/li>\n<li>Enables the team and its members to hold each other accountable<\/li>\n<li>Develops leadership skills of the team members<\/li>\n<li>Increases the satisfaction and individual performance of team members<\/li>\n<li>Builds a feedback and feed forward culture within the team<\/li>\n<li>Develops new perspectives and a strategic perception<\/li>\n<li>Enables the team to cultivate a perspective of creativity and innovation<\/li>\n<\/ul>\n<h4>Benefits of team coaching for the organization:<\/h4>\n<ul>\n<li>Supports the organization to manage challenging circumstances like transformation, reorganization, growth, downsizing, mergers&amp;acquisitions<\/li>\n<li>Enables the organization to achieve its vision and goals<\/li>\n<li>Enables the organization to grow and deliver positive results<\/li>\n<li>Builds a company culture<\/li>\n<li>Uncovers the creative potential of the organization<\/li>\n<li>Supports the organization to create effective high performing teams<\/li>\n<\/ul>\n<p>[\/vc_column_text][\/vc_tta_section][vc_tta_section title=&#8221;Consultancy&#8221; tab_id=&#8221;1526766299477-2b89dee9-bcbc&#8221;][vc_column_text]<\/p>\n<p style=\"text-align: justify;\">We support the development of the organizations with our consultancy services. We assist organizations to use their full potential effectively towards achieving their goals and reaching their vision.<\/p>\n<p style=\"text-align: justify;\">We support the organization in their journey to adapt to new strategies, change and transformation. We assess the needs of the organization in perspective of their vision, values, culture, language and goals. We provide consultancy services through effectively blending coaching and consultancy tools and methods. We partner with the organization to build effective strategies that deliver long lasting productive results. We focus the organization and the individuals towards using their resources and core strength more effectively.<\/p>\n<p style=\"text-align: justify;\">We ensure timely and successful delivery of our consultancy services through a disciplined and rigorous program and project management approach.<\/p>\n<p>[\/vc_column_text][\/vc_tta_section][vc_tta_section title=&#8221;Mentoring&#8221; tab_id=&#8221;1526766333576-6b3e7c32-d6db&#8221;][vc_column_text]<\/p>\n<p style=\"text-align: justify;\">We support the development of the organizations with our mentoring services. Throughout the development process we provide guidance, knowledge and access to resources to the organization.<\/p>\n<h4 style=\"text-align: justify;\">In-house Mentoring Program<\/h4>\n<p style=\"text-align: justify;\">The purpose of our inhouse mentoring programs is to support organizational development through mutual knowledge and experience sharing between executives and employees. The benefit of the in-house mentoring program is that it supports operational excellence and commercial leadership of the organization. We design a program meeting the expectations and needs of the organization in accordance to company vision and goals. We plan and prepare the roll-out of the program, deliver mentor training, and manage the whole process throughout the program until completion.We ensure timely and successful delivery of all in- house mentoring program services through a disciplined and rigorous program and project management approach.<\/p>\n<h4 style=\"text-align: justify;\">Project-based Mentoring<\/h4>\n<p style=\"text-align: justify;\">Our organizational development programs support the organization to reach their goals and vision through adapting to change and new strategies. According to the needs of the organization some of our programs contain in-house projects. We provide project-based mentoring support to these in-house projects in order to assist the organization to achieve long lasting productive results. We ensure timely and successful delivery of all project-based mentoring services through a disciplined and rigorous program and project management approach.<\/p>\n<h4 style=\"text-align: justify;\">Professional Mentoring<\/h4>\n<p style=\"text-align: justify;\">We provide professional mentoring services to executives to support them in their development journey. We become a trusted partner to them on their way to reach their individual and organizational goals and vision. Our professional mentoring services support executives with knowledge transfer, sharing experiences, guidance and counceling, feedback, providing access to resources and supporting them to take action.<\/p>\n<p>[\/vc_column_text][\/vc_tta_section][\/vc_tta_accordion][\/vc_column][\/vc_row]<\/p>\n","protected":false},"excerpt":{"rendered":"<p>[vc_row][vc_column][vc_empty_space height=&#8221;25px&#8221;][\/vc_column][\/vc_row][vc_row wrap_container=&#8221;yes&#8221; el_class=&#8221;p-b-lg&#8221;][vc_column][vc_single_image image=&#8221;1329&#8243; img_size=&#8221;1200&#215;300&#8243; alignment=&#8221;center&#8221;][vc_column_text] The capability of managing change and adapting to new conditions enables organizations to differentiate themselves, to grow and to sustain their competitiveness. Our organizational development programs support corporates to achieve their goals and reach their vision through skills and capabilities that will enable them to stay competitive. We [&hellip;]<\/p>\n","protected":false},"author":1,"featured_media":0,"parent":0,"menu_order":0,"comment_status":"closed","ping_status":"closed","template":"","meta":[],"_links":{"self":[{"href":"https:\/\/contextprofessionals.com\/en\/wp-json\/wp\/v2\/pages\/766"}],"collection":[{"href":"https:\/\/contextprofessionals.com\/en\/wp-json\/wp\/v2\/pages"}],"about":[{"href":"https:\/\/contextprofessionals.com\/en\/wp-json\/wp\/v2\/types\/page"}],"author":[{"embeddable":true,"href":"https:\/\/contextprofessionals.com\/en\/wp-json\/wp\/v2\/users\/1"}],"replies":[{"embeddable":true,"href":"https:\/\/contextprofessionals.com\/en\/wp-json\/wp\/v2\/comments?post=766"}],"version-history":[{"count":12,"href":"https:\/\/contextprofessionals.com\/en\/wp-json\/wp\/v2\/pages\/766\/revisions"}],"predecessor-version":[{"id":1820,"href":"https:\/\/contextprofessionals.com\/en\/wp-json\/wp\/v2\/pages\/766\/revisions\/1820"}],"wp:attachment":[{"href":"https:\/\/contextprofessionals.com\/en\/wp-json\/wp\/v2\/media?parent=766"}],"curies":[{"name":"wp","href":"https:\/\/api.w.org\/{rel}","templated":true}]}}