{"id":630,"date":"2018-05-13T17:12:35","date_gmt":"2018-05-13T17:12:35","guid":{"rendered":"http:\/\/www.contextprofessionals.com\/?page_id=630"},"modified":"2020-03-03T15:19:27","modified_gmt":"2020-03-03T15:19:27","slug":"our-approach","status":"publish","type":"page","link":"https:\/\/contextprofessionals.com\/en\/our-approach\/","title":{"rendered":"Our Approach"},"content":{"rendered":"<p>[vc_row][vc_column][vc_empty_space height=&#8221;25px&#8221;][\/vc_column][\/vc_row][vc_row wrap_container=&#8221;yes&#8221; el_class=&#8221;p-b-lg&#8221;][vc_column][vc_column_text]<img decoding=\"async\" loading=\"lazy\" class=\"alignleft wp-image-1315\" src=\"http:\/\/www.contextprofessionals.com\/wp-content\/uploads\/2018\/10\/Hakk\u0131m\u0131zda-Yakla\u015f\u0131m\u0131m\u0131z-Foto-ENG-1.jpg\" alt=\"\" width=\"335\" height=\"335\" srcset=\"https:\/\/contextprofessionals.com\/wp-content\/uploads\/2018\/10\/Hakk\u0131m\u0131zda-Yakla\u015f\u0131m\u0131m\u0131z-Foto-ENG-1.jpg 3545w, https:\/\/contextprofessionals.com\/wp-content\/uploads\/2018\/10\/Hakk\u0131m\u0131zda-Yakla\u015f\u0131m\u0131m\u0131z-Foto-ENG-1-150x150.jpg 150w, https:\/\/contextprofessionals.com\/wp-content\/uploads\/2018\/10\/Hakk\u0131m\u0131zda-Yakla\u015f\u0131m\u0131m\u0131z-Foto-ENG-1-300x300.jpg 300w, https:\/\/contextprofessionals.com\/wp-content\/uploads\/2018\/10\/Hakk\u0131m\u0131zda-Yakla\u015f\u0131m\u0131m\u0131z-Foto-ENG-1-768x768.jpg 768w, https:\/\/contextprofessionals.com\/wp-content\/uploads\/2018\/10\/Hakk\u0131m\u0131zda-Yakla\u015f\u0131m\u0131m\u0131z-Foto-ENG-1-1024x1024.jpg 1024w, https:\/\/contextprofessionals.com\/wp-content\/uploads\/2018\/10\/Hakk\u0131m\u0131zda-Yakla\u015f\u0131m\u0131m\u0131z-Foto-ENG-1-600x600.jpg 600w, https:\/\/contextprofessionals.com\/wp-content\/uploads\/2018\/10\/Hakk\u0131m\u0131zda-Yakla\u015f\u0131m\u0131m\u0131z-Foto-ENG-1-560x560.jpg 560w, https:\/\/contextprofessionals.com\/wp-content\/uploads\/2018\/10\/Hakk\u0131m\u0131zda-Yakla\u015f\u0131m\u0131m\u0131z-Foto-ENG-1-367x367.jpg 367w, https:\/\/contextprofessionals.com\/wp-content\/uploads\/2018\/10\/Hakk\u0131m\u0131zda-Yakla\u015f\u0131m\u0131m\u0131z-Foto-ENG-1-85x85.jpg 85w, https:\/\/contextprofessionals.com\/wp-content\/uploads\/2018\/10\/Hakk\u0131m\u0131zda-Yakla\u015f\u0131m\u0131m\u0131z-Foto-ENG-1-50x50.jpg 50w\" sizes=\"(max-width: 335px) 100vw, 335px\" \/><\/p>\n<p style=\"text-align: justify;\">Every individual and every organization has a unique ground: like its history, past, background, positive and negative experiences, success stories, unsuccessful events, physical environment, business-family-social circle, business sector, goals and vision. These current state, conditions and future goals form the unique context of individuals, leaders and organizations.\u00a0Even the smallest change in one part of the context will have an impact on all other parts of the system.<\/p>\n<p style=\"text-align: justify;\">Our approach is to design and deliver unique personal development, leadership development and organizational development programs that enable individuals, leaders and organizations to reach their goals by taking their whole context into account.<\/p>\n<p style=\"text-align: justify;\">Our programs are experiential driven, thus we use a creative, developmental and enjoyable approach. Participants learn through actively experiencing real life processes. We use transformational learning methods that enable participants to integrate new attitudes and behavior. We support individuals, leaders and organizations to find their core strength and to use these as leverage to reach their goals. We also use consulting tools as needed. We support organizational development with team coaching, executive coaching, leadership consultancy and executive mentoring.<\/p>\n<p style=\"text-align: justify;\">We use assessment tools prior to the engagement to have an understanding of the profile of the individual, the leader or the organization that we will be working with. While preparing the content of the programs we use the methodology and tools of different approaches as needed, like Gestalt Coaching, Transactional Analysis, ORSC Relationship &amp; Systems Coaching, Co-Active Leadership Model, Appreciative Inquiry, Neuroscience, Deep Democracy, Systems Theory, Conflict Management, Adaptive Leadership Theory and Creative Expressive Arts.<\/p>\n<p style=\"text-align: justify;\"><img decoding=\"async\" loading=\"lazy\" class=\"alignnone size-full wp-image-1312\" src=\"http:\/\/www.contextprofessionals.com\/wp-content\/uploads\/2018\/10\/Yakla\u015f\u0131m\u0131m\u0131z-ENG.jpg\" alt=\"\" width=\"1183\" height=\"65\" srcset=\"https:\/\/contextprofessionals.com\/wp-content\/uploads\/2018\/10\/Yakla\u015f\u0131m\u0131m\u0131z-ENG.jpg 1183w, https:\/\/contextprofessionals.com\/wp-content\/uploads\/2018\/10\/Yakla\u015f\u0131m\u0131m\u0131z-ENG-300x16.jpg 300w, https:\/\/contextprofessionals.com\/wp-content\/uploads\/2018\/10\/Yakla\u015f\u0131m\u0131m\u0131z-ENG-768x42.jpg 768w, https:\/\/contextprofessionals.com\/wp-content\/uploads\/2018\/10\/Yakla\u015f\u0131m\u0131m\u0131z-ENG-1024x56.jpg 1024w, https:\/\/contextprofessionals.com\/wp-content\/uploads\/2018\/10\/Yakla\u015f\u0131m\u0131m\u0131z-ENG-600x33.jpg 600w\" sizes=\"(max-width: 1183px) 100vw, 1183px\" \/><\/p>\n<p style=\"text-align: justify;\">We ensure a timely and successful delivery of our services through a disciplined and rigorous program and project management approach.<\/p>\n<p>[\/vc_column_text][\/vc_column][\/vc_row]<\/p>\n","protected":false},"excerpt":{"rendered":"<p>[vc_row][vc_column][vc_empty_space height=&#8221;25px&#8221;][\/vc_column][\/vc_row][vc_row wrap_container=&#8221;yes&#8221; el_class=&#8221;p-b-lg&#8221;][vc_column][vc_column_text] Every individual and every organization has a unique ground: like its history, past, background, positive and negative experiences, success stories, unsuccessful events, physical environment, business-family-social circle, business sector, goals and vision. These current state, conditions and future goals form the unique context of individuals, leaders and organizations.\u00a0Even the smallest change in [&hellip;]<\/p>\n","protected":false},"author":1,"featured_media":0,"parent":0,"menu_order":0,"comment_status":"closed","ping_status":"closed","template":"","meta":[],"_links":{"self":[{"href":"https:\/\/contextprofessionals.com\/en\/wp-json\/wp\/v2\/pages\/630"}],"collection":[{"href":"https:\/\/contextprofessionals.com\/en\/wp-json\/wp\/v2\/pages"}],"about":[{"href":"https:\/\/contextprofessionals.com\/en\/wp-json\/wp\/v2\/types\/page"}],"author":[{"embeddable":true,"href":"https:\/\/contextprofessionals.com\/en\/wp-json\/wp\/v2\/users\/1"}],"replies":[{"embeddable":true,"href":"https:\/\/contextprofessionals.com\/en\/wp-json\/wp\/v2\/comments?post=630"}],"version-history":[{"count":13,"href":"https:\/\/contextprofessionals.com\/en\/wp-json\/wp\/v2\/pages\/630\/revisions"}],"predecessor-version":[{"id":1575,"href":"https:\/\/contextprofessionals.com\/en\/wp-json\/wp\/v2\/pages\/630\/revisions\/1575"}],"wp:attachment":[{"href":"https:\/\/contextprofessionals.com\/en\/wp-json\/wp\/v2\/media?parent=630"}],"curies":[{"name":"wp","href":"https:\/\/api.w.org\/{rel}","templated":true}]}}